{"id":255,"date":"2021-05-07T13:45:21","date_gmt":"2021-05-07T11:45:21","guid":{"rendered":"http:\/\/spa4hotels.com\/index.php\/home"},"modified":"2025-01-15T09:28:42","modified_gmt":"2025-01-15T08:28:42","slug":"quienes-somos","status":"publish","type":"page","link":"https:\/\/spa4hotels.com\/","title":{"rendered":"Qui\u00e9nes somos"},"content":{"rendered":"\t\t<div data-elementor-type=\"wp-page\" data-elementor-id=\"255\" class=\"elementor elementor-255\" data-elementor-post-type=\"page\">\n\t\t\t\t\t\t<section class=\"elementor-section elementor-top-section elementor-element elementor-element-14f08a9 elementor-section-full_width elementor-section-height-default elementor-section-height-default\" data-id=\"14f08a9\" data-element_type=\"section\" data-settings=\"{&quot;background_background&quot;:&quot;classic&quot;}\">\n\t\t\t\t\t\t<div class=\"elementor-container elementor-column-gap-default\">\n\t\t\t\t\t<div class=\"elementor-column elementor-col-100 elementor-top-column elementor-element elementor-element-5326169\" data-id=\"5326169\" data-element_type=\"column\">\n\t\t\t<div class=\"elementor-widget-wrap elementor-element-populated\">\n\t\t\t\t\t\t<div class=\"elementor-element elementor-element-4da5e65 elementor--h-position-center elementor--v-position-middle elementor-arrows-position-inside elementor-pagination-position-inside elementor-widget elementor-widget-slides\" data-id=\"4da5e65\" data-element_type=\"widget\" data-settings=\"{&quot;autoplay_speed&quot;:4000,&quot;navigation&quot;:&quot;both&quot;,&quot;autoplay&quot;:&quot;yes&quot;,&quot;infinite&quot;:&quot;yes&quot;,&quot;transition&quot;:&quot;slide&quot;,&quot;transition_speed&quot;:500}\" data-widget_type=\"slides.default\">\n\t\t\t\t<div class=\"elementor-widget-container\">\n\t\t\t\t\t\t\t\t\t<div class=\"elementor-swiper\">\n\t\t\t\t\t<div class=\"elementor-slides-wrapper elementor-main-swiper swiper\" role=\"region\" aria-roledescription=\"carousel\" aria-label=\"Diapositivas\" dir=\"ltr\" data-animation=\"fadeInUp\">\n\t\t\t\t<div class=\"swiper-wrapper elementor-slides\">\n\t\t\t\t\t\t\t\t\t\t<div class=\"elementor-repeater-item-b72fbd7 swiper-slide\" role=\"group\" aria-roledescription=\"slide\"><div class=\"swiper-slide-bg\" role=\"img\"><\/div><a class=\"swiper-slide-inner\" href=\"https:\/\/spa4hotels.com\/?page_id=502\"><div class=\"swiper-slide-contents\"><div class=\"elementor-slide-heading\">Sum\u00e9rgete en el lujo del bienestar, donde el poder de desconectar se convierte en un placer exclusivo y personalizado para cada hu\u00e9sped.<\/div><div  class=\"elementor-button elementor-slide-button elementor-size-sm\">Saber m\u00e1s<\/div><\/div><\/a><\/div><div class=\"elementor-repeater-item-a5910a0 swiper-slide\" role=\"group\" aria-roledescription=\"slide\"><div class=\"swiper-slide-bg\" role=\"img\"><\/div><a class=\"swiper-slide-inner\" href=\"https:\/\/spa4hotels.com\/?page_id=506\"><div class=\"swiper-slide-contents\"><div class=\"elementor-slide-heading\">Rentabilizamos instalaciones y te posicionamos como hotel y spa en el sector del bienestar, una tendencia en auge.<\/div><div  class=\"elementor-button elementor-slide-button elementor-size-sm\">Saber c\u00f3mo<\/div><\/div><\/a><\/div><div class=\"elementor-repeater-item-4fb1d65 swiper-slide\" role=\"group\" aria-roledescription=\"slide\"><div class=\"swiper-slide-bg\" role=\"img\"><\/div><a class=\"swiper-slide-inner\" href=\"https:\/\/spa4hotels.com\/?page_id=504\"><div class=\"swiper-slide-contents\"><div class=\"elementor-slide-heading\">Tres marcas enfocadas al bienestar, la experiencia, el ocio, las tendencias y la personalizaci\u00f3n .<\/div><div  class=\"elementor-button elementor-slide-button elementor-size-sm\">Ver marcas<\/div><\/div><\/a><\/div>\t\t\t\t<\/div>\n\t\t\t\t\t\t\t\t\t\t\t\t\t\t\t<div class=\"swiper-pagination\"><\/div>\n\t\t\t\t\t\t\t\t\t\t\t\t\t\t\t\t<div class=\"elementor-swiper-button elementor-swiper-button-prev\" role=\"button\" tabindex=\"0\" aria-label=\"Diapositiva anterior\">\n\t\t\t\t\t\t\t<i aria-hidden=\"true\" class=\"eicon-chevron-left\"><\/i>\t\t\t\t\t\t<\/div>\n\t\t\t\t\t\t<div class=\"elementor-swiper-button elementor-swiper-button-next\" role=\"button\" tabindex=\"0\" aria-label=\"Diapositiva siguiente\">\n\t\t\t\t\t\t\t<i aria-hidden=\"true\" class=\"eicon-chevron-right\"><\/i>\t\t\t\t\t\t<\/div>\n\t\t\t\t\t\t\t\t\t\t\t\t<\/div>\n\t\t\t\t<\/div>\n\t\t\t\t\t\t\t\t<\/div>\n\t\t\t\t<\/div>\n\t\t\t\t\t<\/div>\n\t\t<\/div>\n\t\t\t\t\t<\/div>\n\t\t<\/section>\n\t\t\t\t<section class=\"elementor-section elementor-top-section elementor-element elementor-element-5b3893d elementor-section-full_width elementor-section-height-min-height elementor-section-height-default elementor-section-items-middle\" data-id=\"5b3893d\" data-element_type=\"section\" data-settings=\"{&quot;background_background&quot;:&quot;classic&quot;,&quot;background_motion_fx_motion_fx_scrolling&quot;:&quot;yes&quot;,&quot;background_motion_fx_translateY_effect&quot;:&quot;yes&quot;,&quot;background_motion_fx_translateY_speed&quot;:{&quot;unit&quot;:&quot;px&quot;,&quot;size&quot;:9,&quot;sizes&quot;:[]},&quot;background_motion_fx_translateY_affectedRange&quot;:{&quot;unit&quot;:&quot;%&quot;,&quot;size&quot;:&quot;&quot;,&quot;sizes&quot;:{&quot;start&quot;:45,&quot;end&quot;:91}},&quot;background_motion_fx_devices&quot;:[&quot;desktop&quot;,&quot;tablet&quot;,&quot;mobile&quot;]}\">\n\t\t\t\t\t\t<div class=\"elementor-container elementor-column-gap-default\">\n\t\t\t\t\t<div class=\"elementor-column elementor-col-50 elementor-top-column elementor-element elementor-element-f95dd0c\" data-id=\"f95dd0c\" data-element_type=\"column\">\n\t\t\t<div class=\"elementor-widget-wrap elementor-element-populated\">\n\t\t\t\t\t\t<div class=\"elementor-element elementor-element-18512b8 elementor-widget-divider--view-line elementor-widget elementor-widget-divider\" data-id=\"18512b8\" data-element_type=\"widget\" data-widget_type=\"divider.default\">\n\t\t\t\t<div class=\"elementor-widget-container\">\n\t\t\t\t\t\t\t<div class=\"elementor-divider\">\n\t\t\t<span class=\"elementor-divider-separator\">\n\t\t\t\t\t\t<\/span>\n\t\t<\/div>\n\t\t\t\t\t\t<\/div>\n\t\t\t\t<\/div>\n\t\t\t\t<div class=\"elementor-element elementor-element-4a9ec76 elementor-widget elementor-widget-image\" data-id=\"4a9ec76\" data-element_type=\"widget\" data-widget_type=\"image.default\">\n\t\t\t\t<div class=\"elementor-widget-container\">\n\t\t\t\t\t\t\t\t\t\t\t\t\t\t\t<img fetchpriority=\"high\" decoding=\"async\" width=\"1992\" height=\"1361\" src=\"https:\/\/spa4hotels.com\/wp-content\/uploads\/2025\/01\/image1.png\" class=\"attachment-full size-full wp-image-562\" alt=\"\" srcset=\"https:\/\/spa4hotels.com\/wp-content\/uploads\/2025\/01\/image1.png 1992w, https:\/\/spa4hotels.com\/wp-content\/uploads\/2025\/01\/image1-300x205.png 300w, https:\/\/spa4hotels.com\/wp-content\/uploads\/2025\/01\/image1-1024x700.png 1024w, https:\/\/spa4hotels.com\/wp-content\/uploads\/2025\/01\/image1-768x525.png 768w, https:\/\/spa4hotels.com\/wp-content\/uploads\/2025\/01\/image1-1536x1049.png 1536w\" sizes=\"(max-width: 1992px) 100vw, 1992px\" \/>\t\t\t\t\t\t\t\t\t\t\t\t\t\t\t<\/div>\n\t\t\t\t<\/div>\n\t\t\t\t\t<\/div>\n\t\t<\/div>\n\t\t\t\t<div class=\"elementor-column elementor-col-50 elementor-top-column elementor-element elementor-element-5bdbb59\" data-id=\"5bdbb59\" data-element_type=\"column\">\n\t\t\t<div class=\"elementor-widget-wrap elementor-element-populated\">\n\t\t\t\t\t\t<div class=\"elementor-element elementor-element-6702a6e elementor-widget-divider--view-line elementor-widget elementor-widget-divider\" data-id=\"6702a6e\" data-element_type=\"widget\" data-widget_type=\"divider.default\">\n\t\t\t\t<div class=\"elementor-widget-container\">\n\t\t\t\t\t\t\t<div class=\"elementor-divider\">\n\t\t\t<span class=\"elementor-divider-separator\">\n\t\t\t\t\t\t<\/span>\n\t\t<\/div>\n\t\t\t\t\t\t<\/div>\n\t\t\t\t<\/div>\n\t\t\t\t<div class=\"elementor-element elementor-element-ea27958 elementor-widget elementor-widget-text-editor\" data-id=\"ea27958\" data-element_type=\"widget\" data-widget_type=\"text-editor.default\">\n\t\t\t\t<div class=\"elementor-widget-container\">\n\t\t\t\t\t\t\t\t\t<h2 class=\"p1\"><span class=\"s1\">REDEFINIENDO EL CONCEPTO DE SPA<\/span><\/h2><p class=\"p2\"><span class=\"s1\">Somos un equipo multidisciplinar y transversal con una extensa experiencia en la planificaci\u00f3n de proyectos en el sector de la hospitalidad, restauraci\u00f3n y bienestar.<\/span><\/p><p class=\"p2\"><span class=\"s1\">Nuestro compromiso como rentabilizadores y gestores es aportar prestigio a los spas de los Hoteles, pudiendo ofrecer una cartera de servicios de bienestar exclusivos y de \u00f3ptima calidad sin que ello repercuta<span class=\"Apple-converted-space\">\u00a0 <\/span>en la gesti\u00f3n pero s\u00ed en su reputaci\u00f3n y rentabilidad.<\/span><\/p>\t\t\t\t\t\t\t\t<\/div>\n\t\t\t\t<\/div>\n\t\t\t\t\t<\/div>\n\t\t<\/div>\n\t\t\t\t\t<\/div>\n\t\t<\/section>\n\t\t\t\t<section class=\"elementor-section elementor-top-section elementor-element elementor-element-2f4291d elementor-section-full_width elementor-section-height-min-height elementor-section-height-default elementor-section-items-middle\" data-id=\"2f4291d\" data-element_type=\"section\" data-settings=\"{&quot;background_background&quot;:&quot;classic&quot;,&quot;background_motion_fx_motion_fx_scrolling&quot;:&quot;yes&quot;,&quot;background_motion_fx_translateY_effect&quot;:&quot;yes&quot;,&quot;background_motion_fx_translateY_direction&quot;:&quot;negative&quot;,&quot;background_motion_fx_translateY_speed&quot;:{&quot;unit&quot;:&quot;px&quot;,&quot;size&quot;:9,&quot;sizes&quot;:[]},&quot;background_motion_fx_translateY_affectedRange&quot;:{&quot;unit&quot;:&quot;%&quot;,&quot;size&quot;:&quot;&quot;,&quot;sizes&quot;:{&quot;start&quot;:50,&quot;end&quot;:84}},&quot;background_motion_fx_devices&quot;:[&quot;desktop&quot;,&quot;tablet&quot;,&quot;mobile&quot;]}\">\n\t\t\t\t\t\t<div class=\"elementor-container elementor-column-gap-default\">\n\t\t\t\t\t<div class=\"elementor-column elementor-col-50 elementor-top-column elementor-element elementor-element-a42b82d\" data-id=\"a42b82d\" data-element_type=\"column\">\n\t\t\t<div class=\"elementor-widget-wrap elementor-element-populated\">\n\t\t\t\t\t\t<div class=\"elementor-element elementor-element-023156c elementor-widget elementor-widget-text-editor\" data-id=\"023156c\" data-element_type=\"widget\" data-widget_type=\"text-editor.default\">\n\t\t\t\t<div class=\"elementor-widget-container\">\n\t\t\t\t\t\t\t\t\t<h2 class=\"p1\"><span class=\"s1\">LUJO CONTEMPOR\u00c1NEO<\/span><\/h2><p class=\"p1\"><span class=\"s1\">Logramos un equilibrio entre lujo y inspiraci\u00f3n adaptado a las necesidades de cada hotel y sus hu\u00e9spedes.<\/span><\/p><p class=\"p1\"><span class=\"s1\">Transformamos el servicio en experiencias exclusivas para la serenidad mental y corporal con clara apuesta en tratamientos personalizados.<\/span><\/p>\t\t\t\t\t\t\t\t<\/div>\n\t\t\t\t<\/div>\n\t\t\t\t\t<\/div>\n\t\t<\/div>\n\t\t\t\t<div class=\"elementor-column elementor-col-50 elementor-top-column elementor-element elementor-element-5c04dce\" data-id=\"5c04dce\" data-element_type=\"column\">\n\t\t\t<div class=\"elementor-widget-wrap\">\n\t\t\t\t\t\t\t<\/div>\n\t\t<\/div>\n\t\t\t\t\t<\/div>\n\t\t<\/section>\n\t\t\t\t<\/div>\n\t\t","protected":false},"excerpt":{"rendered":"<p>Sum\u00e9rgete en el lujo del bienestar, donde el poder de desconectar se convierte en un placer exclusivo y personalizado para cada hu\u00e9sped.Saber m\u00e1sRentabilizamos instalaciones y te posicionamos como hotel y spa en el sector del bienestar, una tendencia en auge.Saber c\u00f3moTres marcas enfocadas al bienestar, la experiencia, el ocio, las tendencias y la personalizaci\u00f3n .Ver [&hellip;]<\/p>\n","protected":false},"author":1,"featured_media":0,"parent":0,"menu_order":0,"comment_status":"closed","ping_status":"closed","template":"","meta":{"footnotes":""},"class_list":["post-255","page","type-page","status-publish","hentry"],"_links":{"self":[{"href":"https:\/\/spa4hotels.com\/index.php?rest_route=\/wp\/v2\/pages\/255","targetHints":{"allow":["GET"]}}],"collection":[{"href":"https:\/\/spa4hotels.com\/index.php?rest_route=\/wp\/v2\/pages"}],"about":[{"href":"https:\/\/spa4hotels.com\/index.php?rest_route=\/wp\/v2\/types\/page"}],"author":[{"embeddable":true,"href":"https:\/\/spa4hotels.com\/index.php?rest_route=\/wp\/v2\/users\/1"}],"replies":[{"embeddable":true,"href":"https:\/\/spa4hotels.com\/index.php?rest_route=%2Fwp%2Fv2%2Fcomments&post=255"}],"version-history":[{"count":200,"href":"https:\/\/spa4hotels.com\/index.php?rest_route=\/wp\/v2\/pages\/255\/revisions"}],"predecessor-version":[{"id":692,"href":"https:\/\/spa4hotels.com\/index.php?rest_route=\/wp\/v2\/pages\/255\/revisions\/692"}],"wp:attachment":[{"href":"https:\/\/spa4hotels.com\/index.php?rest_route=%2Fwp%2Fv2%2Fmedia&parent=255"}],"curies":[{"name":"wp","href":"https:\/\/api.w.org\/{rel}","templated":true}]}}