{"id":492,"date":"2023-06-26T08:42:32","date_gmt":"2023-06-26T08:42:32","guid":{"rendered":"http:\/\/spa4hotels.com\/?page_id=492"},"modified":"2025-01-02T16:07:32","modified_gmt":"2025-01-02T15:07:32","slug":"politica-cookies","status":"publish","type":"page","link":"https:\/\/spa4hotels.com\/?page_id=492","title":{"rendered":"Pol\u00edtica Cookies"},"content":{"rendered":"\t\t<div data-elementor-type=\"wp-page\" data-elementor-id=\"492\" class=\"elementor elementor-492\" data-elementor-post-type=\"page\">\n\t\t\t\t\t\t<section class=\"elementor-section elementor-top-section elementor-element elementor-element-5bff0a71 elementor-section-boxed elementor-section-height-default elementor-section-height-default\" data-id=\"5bff0a71\" data-element_type=\"section\">\n\t\t\t\t\t\t<div class=\"elementor-container elementor-column-gap-default\">\n\t\t\t\t\t<div class=\"elementor-column elementor-col-100 elementor-top-column elementor-element elementor-element-6eb5f63f\" data-id=\"6eb5f63f\" data-element_type=\"column\">\n\t\t\t<div class=\"elementor-widget-wrap elementor-element-populated\">\n\t\t\t\t\t\t<div class=\"elementor-element elementor-element-61e2869 elementor-widget elementor-widget-heading\" data-id=\"61e2869\" data-element_type=\"widget\" data-widget_type=\"heading.default\">\n\t\t\t\t<div class=\"elementor-widget-container\">\n\t\t\t\t\t<h2 class=\"elementor-heading-title elementor-size-default\">Pol\u00edtica Cookies<\/h2>\t\t\t\t<\/div>\n\t\t\t\t<\/div>\n\t\t\t\t<div class=\"elementor-element elementor-element-52ef2419 elementor-widget elementor-widget-text-editor\" data-id=\"52ef2419\" data-element_type=\"widget\" data-widget_type=\"text-editor.default\">\n\t\t\t\t<div class=\"elementor-widget-container\">\n\t\t\t\t\t\t\t\t\t\n<p>Para que este sitio Web funcione correctamente necesita utilizar cookies, que es una informaci\u00f3n que se almacena en su navegador web.<\/p>\n\n<p>En la p\u00e1gina Pol\u00edtica de Cookies puede consultar toda la informaci\u00f3n relativa a la pol\u00edtica de recogida, la finalidad y el tratamiento de las cookies.<\/p>\n\n<p><strong>LEGITIMACI\u00d3N PARA EL TRATAMIENTO DE DATOS<\/strong><\/p>\n\n<p>La base legal para el tratamiento de sus datos es: el consentimiento.<\/p>\n\n<p>Para contactar con el Titular, suscribirse a un bolet\u00edn o realizar comentarios en este sitio Web tiene que aceptar la presente Pol\u00edtica de Privacidad.<\/p>\n\n<p><strong>CATEGOR\u00cdAS DE DATOS PERSONALES<\/strong><\/p>\n\n<p>Las categor\u00edas de datos personales que trata el Titular son:<\/p>\n\n<p>Datos identificativos.<\/p>\n\n<p>No se tratan categor\u00edas de datos especialmente protegidos.<\/p>\n\n<p><strong>CONSERVACI\u00d3N DE DATOS PERSONALES<\/strong><\/p>\n\n<p>Los datos personales que proporcione al Titular se conservar\u00e1n hasta que solicite su supresi\u00f3n.<\/p>\n\n<p><strong>DESTINATARIOS DE DATOS PERSONALES<\/strong><\/p>\n\n<p>Mailchimp The Rocket Science Group LLC d\/b\/a , con domicilio en EEUU.<\/p>\n\n<p>M\u00e1s informaci\u00f3n en: https:\/\/mailchimp.com<\/p>\n\n<p>The Rocket Science Group LLC d\/b\/a trata los datos con la finalidad de prestar sus servicios de email marketing al Titular.<\/p>\n\n<p>Google Analytics es un servicio de anal\u00edtica web prestado por Google, Inc., una compa\u00f1\u00eda de Delaware cuya oficina principal est\u00e1 en 1600 Amphitheatre Parkway, Mountain View (California), CA 94043, Estados Unidos (\u201cGoogle\u201d).<\/p>\n\n<p>M\u00e1s informaci\u00f3n en: https:\/\/analytics.google.com<\/p>\n\n<p>Google Analytics utiliza \u201ccookies\u201d, que son archivos de texto ubicados en tu ordenador, para ayudar al Titular a analizar el uso que hacen los Usuarios del sitio Web. La informaci\u00f3n que genera la cookie acerca del uso del sitio Web (incluyendo la direcci\u00f3n IP) ser\u00e1 directamente transmitida y archivada por Google en los servidores de Estados Unidos.<\/p>\n\n<p>En la p\u00e1gina de Pol\u00edtica de privacidad de Google se explica c\u00f3mo Google gestiona la privacidad en lo que respecta al uso de las cookies y otra informaci\u00f3n.<\/p>\n\n<p>Tambi\u00e9n puede ver una lista de los tipos de cookies que utiliza Google y sus colaboradores y toda la informaci\u00f3n relativa al uso que hacen de las cookies publicitarias.<\/p>\n\n<p><strong>NAVEGACI\u00d3N WEB<\/strong><\/p>\n\n<p>Al navegar por https:\/\/www.spa4hotels.es se pueden recoger datos no identificativos, que pueden incluir, la direcci\u00f3n IP, geolocalizaci\u00f3n, un registro de c\u00f3mo se utilizan los servicios y sitios, h\u00e1bitos de navegaci\u00f3n y otros datos que no pueden ser utilizados para identificarle.<\/p>\n\n<p>El sitio Web utiliza los siguientes servicios de an\u00e1lisis de terceros:<\/p>\n\n<p>Google Analytics.<\/p>\n\n<p>El Titular utiliza la informaci\u00f3n obtenida para obtener datos estad\u00edsticos, analizar tendencias, administrar el sitio, estudiar patrones de navegaci\u00f3n y para recopilar informaci\u00f3n demogr\u00e1fica.<\/p>\n\n<p>El Titular no se hace responsable del tratamiento de los datos personales que realicen las p\u00e1ginas web a las que pueda acceder a trav\u00e9s de los distintos enlaces que contiene el sitio Web.<\/p>\n\n<p><strong>EXACTITUD Y VERACIDAD DE LOS DATOS PERSONALES<\/strong><\/p>\n\n<p>Usted se compromete a que los datos facilitados al Titular sean correctos, completos, exactos y vigentes, as\u00ed como a mantenerlos debidamente actualizados.<\/p>\n\n<p>Como Usuario del sitio Web usted es el \u00fanico responsable de la veracidad y correcci\u00f3n de los datos remitidos al sitio Web exonerando a SPA 4 HOTELS S.L. de cualquier responsabilidad al respecto.<\/p>\n\n<p><strong>ACEPTACI\u00d3N Y CONSENTIMIENTO<\/strong><\/p>\n\n<p>Como Usuario del sitio Web declara haber sido informado de las condiciones sobre protecci\u00f3n de datos de car\u00e1cter personal, acepta y consiente el tratamiento de los mismos por parte de SPA 4 HOTELS S.L. en la forma y para las finalidades indicadas en esta Pol\u00edtica de Privacidad.<\/p>\n\n<p><strong>REVOCABILIDAD<\/strong><\/p>\n\n<p>Para ejercitar sus derechos de acceso, rectificaci\u00f3n, cancelaci\u00f3n, portabilidad y oposici\u00f3n tiene que enviar un correo electr\u00f3nico a ho@spahotelconsulting.com junto con la prueba v\u00e1lida en derecho como una fotocopia del D.N.I. o equivalente.<\/p>\n\n<p>El ejercicio de estos derechos no incluye ning\u00fan dato que SPA 4 HOTELS S.L. est\u00e9 obligado a conservar con fines administrativos, legales o de seguridad.<\/p>\n\n<p><strong>CAMBIOS EN LA POL\u00cdTICA DE PRIVACIDAD<\/strong><\/p>\n\n<p>El Titular se reserva el derecho a modificar la presente Pol\u00edtica de Privacidad para adaptarla a novedades legislativas o jurisprudenciales, as\u00ed como a pr\u00e1cticas de la industria.<\/p>\n\n<p>Estas pol\u00edticas estar\u00e1n vigentes hasta que sean modificadas por otras debidamente publicadas.<\/p>\n\n<p><strong>ENLACES A OTROS SITIOS WEB<\/strong><\/p>\n\n<p>El Titular puede proporcionarle acceso a sitios Web de terceros mediante enlaces con la finalidad exclusiva de informar sobre la existencia de otras fuentes de informaci\u00f3n en Internet en las que podr\u00e1 ampliar los datos ofrecidos en el sitio Web.<\/p>\n\n<p>Estos enlaces a otros sitios Web no suponen en ning\u00fan caso una sugerencia o recomendaci\u00f3n para que usted visite las p\u00e1ginas web de destino, que est\u00e1n fuera del control del Titular, por lo que SPA 4 HOTELS S.L. no es responsable del contenido de los sitios web vinculados ni del resultado que obtenga al seguir los enlaces.<\/p>\n\n<p>Asimismo, SPA 4 HOTELS S.L. no responde de los links o enlaces ubicados en los sitios web vinculados a los que le proporciona acceso.<\/p>\n\n<p>El establecimiento del enlace no implica en ning\u00fan caso la existencia de relaciones entre SPA 4 HOTELS S.L. y el propietario del sitio en el que se establezca el enlace, ni la aceptaci\u00f3n o aprobaci\u00f3n por parte del Titular de sus contenidos o servicios.<\/p>\n\n<p>Si accede a un sitio Web externo desde un enlace que encuentre en https:\/\/www.spa4hotels.es usted deber\u00e1 leer la propia pol\u00edtica de privacidad del otro sitio web que puede ser diferente de la de este sitio Web.<\/p>\n\n<p><strong>PROPIEDAD INTELECTUAL E INDUSTRIAL<\/strong><\/p>\n\n<p>Todos los derechos est\u00e1n reservados.<\/p>\n\n<p>Todo acceso a este sitio Web est\u00e1 sujeto a las siguientes condiciones: la reproducci\u00f3n, almacenaje permanente y la difusi\u00f3n de los contenidos o cualquier otro uso que tenga finalidad p\u00fablica o comercial queda expresamente prohibida sin el consentimiento previo expreso y por escrito de SPA 4 HOTELS S.L.<\/p>\n\n<p><strong>LIMITACI\u00d3N DE RESPONSABILIDAD<\/strong><\/p>\n\n<p>La informaci\u00f3n y servicios incluidos o disponibles a trav\u00e9s de este sitio Web pueden incluir incorrecciones o errores tipogr\u00e1ficos. De forma peri\u00f3dica el Titular incorpora mejoras y\/o cambios a la informaci\u00f3n contenida y\/o los Servicios que puede introducir en cualquier momento.<\/p>\n\n<p>El Titular no declara ni garantiza que los servicios o contenidos sean interrumpidos o que est\u00e9n libres de errores, que los defectos sean corregidos, o que el servicio o el servidor que lo pone a disposici\u00f3n est\u00e9n libres de virus u otros componentes nocivos sin perjuicio de que el Titular realiza todos los esfuerzos en evitar este tipo de incidentes.<\/p>\n\n<p>SPA 4 HOTELS S.L. declina cualquier responsabilidad en caso de que existan interrupciones o un mal funcionamiento de los Servicios o contenidos ofrecidos en Internet, cualquiera que sea su causa. Asimismo, el Titular no se hace responsable por ca\u00eddas de la red, p\u00e9rdidas de negocio a consecuencia de dichas ca\u00eddas, suspensiones temporales de fluido el\u00e9ctrico o cualquier otro tipo de da\u00f1o indirecto que te pueda ser causado por causas ajenas a el Titular.<\/p>\n\n<p>Antes de tomar decisiones y\/o acciones con base a la informaci\u00f3n incluida en el sitio Web, el Titular le recomienda comprobar y contrastar la informaci\u00f3n recibida con otras fuentes.<\/p>\n\n<p><strong>DERECHO DE EXCLUSI\u00d3N<\/strong><\/p>\n\n<p>SPA 4 HOTELS S.L. se reserva el derecho a denegar o retirar el acceso al sitio Web y los servicios ofrecidos sin necesidad de preaviso, a instancia propia o de un tercero, a aquellos usuarios que incumplan cualquiera de las condiciones de este Aviso Legal.<\/p>\n\n<p><strong>JURISDICCI\u00d3N<\/strong><\/p>\n\n<p>Este Aviso Legal se rige \u00edntegramente por la legislaci\u00f3n espa\u00f1ola.<\/p>\n\n<p><strong>CONTACTO<\/strong><\/p>\n\n<p>En caso de que usted tenga cualquier duda acerca de estas Condiciones legales o quiera realizar cualquier comentario sobre este sitio Web, puede enviar un mensaje de correo electr\u00f3nico a la direcci\u00f3n info@spa4hotels.es<\/p>\n\n<p><strong>POL\u00cdTICA DE COOKIES<\/strong><\/p>\n\n<p>En cumplimiento con lo dispuesto en el art\u00edculo 22.2 de la Ley 34\/2002, de 11 de julio, de Servicios de la Sociedad de la Informaci\u00f3n y de Comercio Electr\u00f3nico, el Titular le informa que este sitio Web utiliza cookies, as\u00ed como sobre su pol\u00edtica de recogida y el tratamiento que hace de las mismas.<\/p>\n\n<p><strong>QU\u00c9 SON LAS COOKIES<\/strong><\/p>\n\n<p>Una cookie es un fichero que se descarga en su ordenador al entrar a determinadas p\u00e1ginas web. Las cookies permiten a una p\u00e1gina web, entre otras cosas, almacenar y recuperar informaci\u00f3n sobre sus h\u00e1bitos de navegaci\u00f3n y \u2014dependiendo de la informaci\u00f3n que contengan y de la forma en que utilice su equipo\u2014 pueden utilizarse para identificarle.<\/p>\n\n<p><strong>TIPOS DE COOKIES UTILIZADAS<\/strong><\/p>\n\n<p>El sitio Web https:\/\/www.spa4hotels.es utiliza los siguientes tipos de cookies:<\/p>\n\n<p>Cookies de an\u00e1lisis: Son aquellas que, bien tratadas por el sitio Web o por terceros, permiten cuantificar el n\u00famero de usuarios y as\u00ed realizar la medici\u00f3n y an\u00e1lisis estad\u00edstico de la utilizaci\u00f3n que hacen los usuarios del sitio Web. Para ello se analiza la navegaci\u00f3n que realizas en este sitio Web con el fin de mejorarlo.<\/p>\n\n<p>Cookies t\u00e9cnicas: Son aquellas tratadas por el sitio Web que permiten a los usuarios registrados navegar a trav\u00e9s del \u00e1rea restringida y a utilizar sus diferentes funciones, como por ejemplo, llevar a cabo el proceso de compra de un Producto o Servicio.<\/p>\n\n<p>Algunas cookies son esenciales para el funcionamiento del sitio Web, por ejemplo, el sistema de comentarios o el buscador.<\/p>\n\n<p>Cookies de personalizaci\u00f3n: Son aquellas que permiten a los usuarios acceder al Servicio con algunas caracter\u00edsticas de car\u00e1cter general predefinidas en funci\u00f3n de una serie de criterios establecidos por el usuario como, por ejemplo, el idioma o el tipo de navegador a trav\u00e9s del cual se conecta a este sitio Web.<\/p>\n\n<p><strong>DESACTIVAR LAS COOKIES<\/strong><\/p>\n\n<p>Usted puede aceptar, bloquear o eliminar las cookies instaladas en su equipo mediante la configuraci\u00f3n de las opciones del navegador.<\/p>\n\n<p>En los siguientes enlaces encontrar\u00e1 instrucciones para habilitar o deshabilitar las cookies en los navegadores m\u00e1s comunes.<\/p>\n\n<p>Firefox http:\/\/support.mozilla.org\/es\/kb\/habilitar-y-deshabilitar-cookies-que-los-sitios-we<\/p>\n\n<p>Safari http:\/\/support.apple.com\/kb\/HT1677?viewlocale=es_ES<\/p>\n\n<p>Google Chrome https:\/\/support.google.com\/chrome\/answer\/95647?hl=es<\/p>\n\n<p><strong>COOKIES DE TERCEROS<\/strong><\/p>\n\n<p>El sitio Web utiliza los servicios de Google Adsense y de Google Analytics que pueden instalar cookies que sirven para obtener estad\u00edsticas y datos publicitarios.<\/p>\n\n<p>El sitio Web incluye otras funcionalidades proporcionadas por las redes sociales y que pueden instalar cookies. Usted puede compartir el contenido en tus redes sociales como Facebook, Twitter, Google +, Instagram o YouTube con los botones incluidos a tal efecto o con las herramientas para compartir propias de las redes sociales.<\/p>\n\n<p><strong>ADVERTENCIA SOBRE ELIMINAR COOKIES<\/strong><\/p>\n\n<p>Usted puede eliminar y bloquear las cookies de este sitio Web, pero parte del sitio no funcionar\u00e1 correctamente o su calidad puede verse afectada.<\/p>\n\n<p><strong>CONTACTO<\/strong><\/p>\n\n<p>En caso de que tenga cualquier duda acerca de esta Pol\u00edtica de Cookies o quiera realizar cualquier comentario sobre este sitio Web, puede enviar un mensaje de correo electr\u00f3nico a la direcci\u00f3n info@spa4hotels.es<\/p>\n\t\t\t\t\t\t\t\t<\/div>\n\t\t\t\t<\/div>\n\t\t\t\t\t<\/div>\n\t\t<\/div>\n\t\t\t\t\t<\/div>\n\t\t<\/section>\n\t\t\t\t<\/div>\n\t\t","protected":false},"excerpt":{"rendered":"<p>Para que este sitio Web funcione correctamente necesita utilizar cookies, que es una informaci\u00f3n que se almacena en su navegador web. En la p\u00e1gina Pol\u00edtica de Cookies puede consultar toda la informaci\u00f3n relativa a la pol\u00edtica de recogida, la finalidad y el tratamiento de las cookies. LEGITIMACI\u00d3N PARA EL TRATAMIENTO DE DATOS La base legal [&hellip;]<\/p>\n","protected":false},"author":1,"featured_media":0,"parent":0,"menu_order":0,"comment_status":"closed","ping_status":"closed","template":"","meta":{"footnotes":""},"class_list":["post-492","page","type-page","status-publish","hentry"],"_links":{"self":[{"href":"https:\/\/spa4hotels.com\/index.php?rest_route=\/wp\/v2\/pages\/492","targetHints":{"allow":["GET"]}}],"collection":[{"href":"https:\/\/spa4hotels.com\/index.php?rest_route=\/wp\/v2\/pages"}],"about":[{"href":"https:\/\/spa4hotels.com\/index.php?rest_route=\/wp\/v2\/types\/page"}],"author":[{"embeddable":true,"href":"https:\/\/spa4hotels.com\/index.php?rest_route=\/wp\/v2\/users\/1"}],"replies":[{"embeddable":true,"href":"https:\/\/spa4hotels.com\/index.php?rest_route=%2Fwp%2Fv2%2Fcomments&post=492"}],"version-history":[{"count":6,"href":"https:\/\/spa4hotels.com\/index.php?rest_route=\/wp\/v2\/pages\/492\/revisions"}],"predecessor-version":[{"id":603,"href":"https:\/\/spa4hotels.com\/index.php?rest_route=\/wp\/v2\/pages\/492\/revisions\/603"}],"wp:attachment":[{"href":"https:\/\/spa4hotels.com\/index.php?rest_route=%2Fwp%2Fv2%2Fmedia&parent=492"}],"curies":[{"name":"wp","href":"https:\/\/api.w.org\/{rel}","templated":true}]}}