{"id":504,"date":"2023-07-05T14:30:45","date_gmt":"2023-07-05T14:30:45","guid":{"rendered":"http:\/\/spa4hotels.com\/?page_id=504"},"modified":"2025-01-21T11:20:17","modified_gmt":"2025-01-21T10:20:17","slug":"nuestras-marcas","status":"publish","type":"page","link":"https:\/\/spa4hotels.com\/?page_id=504","title":{"rendered":"Nuestras Marcas"},"content":{"rendered":"\t\t<div data-elementor-type=\"wp-page\" data-elementor-id=\"504\" class=\"elementor elementor-504\" data-elementor-post-type=\"page\">\n\t\t\t\t\t\t<section class=\"elementor-section elementor-top-section elementor-element elementor-element-19756ce elementor-section-full_width elementor-section-height-min-height elementor-section-height-default elementor-section-items-middle\" data-id=\"19756ce\" data-element_type=\"section\" data-settings=\"{&quot;background_background&quot;:&quot;classic&quot;}\">\n\t\t\t\t\t\t<div class=\"elementor-container elementor-column-gap-default\">\n\t\t\t\t\t<div class=\"elementor-column elementor-col-100 elementor-top-column elementor-element elementor-element-d80b2dc\" data-id=\"d80b2dc\" data-element_type=\"column\">\n\t\t\t<div class=\"elementor-widget-wrap elementor-element-populated\">\n\t\t\t\t\t\t<div class=\"elementor-element elementor-element-9c79ffe elementor-widget elementor-widget-heading\" data-id=\"9c79ffe\" data-element_type=\"widget\" data-widget_type=\"heading.default\">\n\t\t\t\t<div class=\"elementor-widget-container\">\n\t\t\t\t\t<h2 class=\"elementor-heading-title elementor-size-default\">NUESTRAS MARCAS<\/h2>\t\t\t\t<\/div>\n\t\t\t\t<\/div>\n\t\t\t\t<div class=\"elementor-element elementor-element-8e4cfa0 elementor-widget elementor-widget-text-editor\" data-id=\"8e4cfa0\" data-element_type=\"widget\" data-widget_type=\"text-editor.default\">\n\t\t\t\t<div class=\"elementor-widget-container\">\n\t\t\t\t\t\t\t\t\t<p>Contamos con tres marcas que ofrecen servicios exclusivos y personalizados para adaptarse a las necesidades espec\u00edficas de cada hotel y sus hu\u00e9spedes. Cada marca se enfoca al bienestar, la experiencia, el ocio, las tendencias y la personalizaci\u00f3n.<\/p>\t\t\t\t\t\t\t\t<\/div>\n\t\t\t\t<\/div>\n\t\t\t\t\t<\/div>\n\t\t<\/div>\n\t\t\t\t\t<\/div>\n\t\t<\/section>\n\t\t\t\t<section class=\"elementor-section elementor-top-section elementor-element elementor-element-4e1ecaf1 elementor-section-full_width elementor-hidden-mobile elementor-section-height-default elementor-section-height-default\" data-id=\"4e1ecaf1\" data-element_type=\"section\">\n\t\t\t\t\t\t<div class=\"elementor-container elementor-column-gap-default\">\n\t\t\t\t\t<div class=\"elementor-column elementor-col-33 elementor-top-column elementor-element elementor-element-51f9eb3b\" data-id=\"51f9eb3b\" data-element_type=\"column\" data-settings=\"{&quot;background_background&quot;:&quot;classic&quot;}\">\n\t\t\t<div class=\"elementor-widget-wrap elementor-element-populated\">\n\t\t\t\t\t\t<div class=\"elementor-element elementor-element-0fe903d elementor-widget elementor-widget-image\" data-id=\"0fe903d\" data-element_type=\"widget\" data-widget_type=\"image.default\">\n\t\t\t\t<div class=\"elementor-widget-container\">\n\t\t\t\t\t\t\t\t\t\t\t\t\t\t\t<img fetchpriority=\"high\" decoding=\"async\" width=\"2488\" height=\"941\" src=\"https:\/\/spa4hotels.com\/wp-content\/uploads\/2025\/01\/Elysium_WhiteGold.png\" class=\"attachment-full size-full wp-image-726\" alt=\"\" srcset=\"https:\/\/spa4hotels.com\/wp-content\/uploads\/2025\/01\/Elysium_WhiteGold.png 2488w, https:\/\/spa4hotels.com\/wp-content\/uploads\/2025\/01\/Elysium_WhiteGold-300x113.png 300w, https:\/\/spa4hotels.com\/wp-content\/uploads\/2025\/01\/Elysium_WhiteGold-1024x387.png 1024w, https:\/\/spa4hotels.com\/wp-content\/uploads\/2025\/01\/Elysium_WhiteGold-768x290.png 768w, https:\/\/spa4hotels.com\/wp-content\/uploads\/2025\/01\/Elysium_WhiteGold-1536x581.png 1536w, https:\/\/spa4hotels.com\/wp-content\/uploads\/2025\/01\/Elysium_WhiteGold-2048x775.png 2048w\" sizes=\"(max-width: 2488px) 100vw, 2488px\" \/>\t\t\t\t\t\t\t\t\t\t\t\t\t\t\t<\/div>\n\t\t\t\t<\/div>\n\t\t\t\t\t<\/div>\n\t\t<\/div>\n\t\t\t\t<div class=\"elementor-column elementor-col-33 elementor-top-column elementor-element elementor-element-16dc609d\" data-id=\"16dc609d\" data-element_type=\"column\" data-settings=\"{&quot;background_background&quot;:&quot;classic&quot;}\">\n\t\t\t<div class=\"elementor-widget-wrap elementor-element-populated\">\n\t\t\t\t\t\t<div class=\"elementor-element elementor-element-aa133ac elementor-widget elementor-widget-image\" data-id=\"aa133ac\" data-element_type=\"widget\" data-widget_type=\"image.default\">\n\t\t\t\t<div class=\"elementor-widget-container\">\n\t\t\t\t\t\t\t\t\t\t\t\t\t\t\t<img decoding=\"async\" width=\"300\" height=\"100\" src=\"https:\/\/spa4hotels.com\/wp-content\/uploads\/2023\/05\/SS_logo.png\" class=\"attachment-large size-large wp-image-323\" alt=\"\" \/>\t\t\t\t\t\t\t\t\t\t\t\t\t\t\t<\/div>\n\t\t\t\t<\/div>\n\t\t\t\t\t<\/div>\n\t\t<\/div>\n\t\t\t\t<div class=\"elementor-column elementor-col-33 elementor-top-column elementor-element elementor-element-79ed0b73\" data-id=\"79ed0b73\" data-element_type=\"column\" data-settings=\"{&quot;background_background&quot;:&quot;classic&quot;}\">\n\t\t\t<div class=\"elementor-widget-wrap elementor-element-populated\">\n\t\t\t\t\t\t<div class=\"elementor-element elementor-element-fc78681 elementor-widget elementor-widget-image\" data-id=\"fc78681\" data-element_type=\"widget\" data-widget_type=\"image.default\">\n\t\t\t\t<div class=\"elementor-widget-container\">\n\t\t\t\t\t\t\t\t\t\t\t\t\t\t\t<img decoding=\"async\" width=\"300\" height=\"100\" src=\"https:\/\/spa4hotels.com\/wp-content\/uploads\/2023\/05\/SST_logo.png\" class=\"attachment-large size-large wp-image-324\" alt=\"\" \/>\t\t\t\t\t\t\t\t\t\t\t\t\t\t\t<\/div>\n\t\t\t\t<\/div>\n\t\t\t\t\t<\/div>\n\t\t<\/div>\n\t\t\t\t\t<\/div>\n\t\t<\/section>\n\t\t\t\t<section class=\"elementor-section elementor-top-section elementor-element elementor-element-66d42340 elementor-section-full_width elementor-section-height-min-height elementor-section-height-default elementor-section-items-middle\" data-id=\"66d42340\" data-element_type=\"section\">\n\t\t\t\t\t\t<div class=\"elementor-container elementor-column-gap-default\">\n\t\t\t\t\t<div class=\"elementor-column elementor-col-50 elementor-top-column elementor-element elementor-element-7e4c6617\" data-id=\"7e4c6617\" data-element_type=\"column\" data-settings=\"{&quot;background_background&quot;:&quot;classic&quot;}\">\n\t\t\t<div class=\"elementor-widget-wrap elementor-element-populated\">\n\t\t\t\t\t\t<div class=\"elementor-element elementor-element-4996ee4f elementor-widget elementor-widget-image\" data-id=\"4996ee4f\" data-element_type=\"widget\" data-widget_type=\"image.default\">\n\t\t\t\t<div class=\"elementor-widget-container\">\n\t\t\t\t\t\t\t\t\t\t\t\t\t\t\t<img loading=\"lazy\" decoding=\"async\" width=\"800\" height=\"800\" src=\"https:\/\/spa4hotels.com\/wp-content\/uploads\/2023\/05\/e-1024x1024.jpg\" class=\"attachment-large size-large wp-image-330\" alt=\"\" srcset=\"https:\/\/spa4hotels.com\/wp-content\/uploads\/2023\/05\/e-1024x1024.jpg 1024w, https:\/\/spa4hotels.com\/wp-content\/uploads\/2023\/05\/e-300x300.jpg 300w, https:\/\/spa4hotels.com\/wp-content\/uploads\/2023\/05\/e-150x150.jpg 150w, https:\/\/spa4hotels.com\/wp-content\/uploads\/2023\/05\/e-768x768.jpg 768w, https:\/\/spa4hotels.com\/wp-content\/uploads\/2023\/05\/e.jpg 1050w\" sizes=\"(max-width: 800px) 100vw, 800px\" \/>\t\t\t\t\t\t\t\t\t\t\t\t\t\t\t<\/div>\n\t\t\t\t<\/div>\n\t\t\t\t\t<\/div>\n\t\t<\/div>\n\t\t\t\t<div class=\"elementor-column elementor-col-50 elementor-top-column elementor-element elementor-element-217f323e\" data-id=\"217f323e\" data-element_type=\"column\">\n\t\t\t<div class=\"elementor-widget-wrap elementor-element-populated\">\n\t\t\t\t\t\t<div class=\"elementor-element elementor-element-d468b64 elementor-widget elementor-widget-image\" data-id=\"d468b64\" data-element_type=\"widget\" data-widget_type=\"image.default\">\n\t\t\t\t<div class=\"elementor-widget-container\">\n\t\t\t\t\t\t\t\t\t\t\t\t\t\t\t<img loading=\"lazy\" decoding=\"async\" width=\"800\" height=\"302\" src=\"https:\/\/spa4hotels.com\/wp-content\/uploads\/2025\/01\/Elysium_WhiteGold-1024x387.png\" class=\"attachment-large size-large wp-image-726\" alt=\"\" srcset=\"https:\/\/spa4hotels.com\/wp-content\/uploads\/2025\/01\/Elysium_WhiteGold-1024x387.png 1024w, https:\/\/spa4hotels.com\/wp-content\/uploads\/2025\/01\/Elysium_WhiteGold-300x113.png 300w, https:\/\/spa4hotels.com\/wp-content\/uploads\/2025\/01\/Elysium_WhiteGold-768x290.png 768w, https:\/\/spa4hotels.com\/wp-content\/uploads\/2025\/01\/Elysium_WhiteGold-1536x581.png 1536w, https:\/\/spa4hotels.com\/wp-content\/uploads\/2025\/01\/Elysium_WhiteGold-2048x775.png 2048w\" sizes=\"(max-width: 800px) 100vw, 800px\" \/>\t\t\t\t\t\t\t\t\t\t\t\t\t\t\t<\/div>\n\t\t\t\t<\/div>\n\t\t\t\t<div class=\"elementor-element elementor-element-72715c27 elementor-widget elementor-widget-text-editor\" data-id=\"72715c27\" data-element_type=\"widget\" data-widget_type=\"text-editor.default\">\n\t\t\t\t<div class=\"elementor-widget-container\">\n\t\t\t\t\t\t\t\t\t<p>Creamos y formamos equipos de terapeutas altamente capacitados y apasionados por su trabajo, con el objetivo de brindar un servicio excepcional y personalizado.<\/p><p>Dise\u00f1amos tratamientos \u00fanicos para satisfacer las necesidades individuales de los hu\u00e9spedes, seg\u00fan el perfil del hotel, cuidando cada detalle para garantizar una experiencia de lujo completa y satisfactoria.<\/p>\t\t\t\t\t\t\t\t<\/div>\n\t\t\t\t<\/div>\n\t\t\t\t\t<\/div>\n\t\t<\/div>\n\t\t\t\t\t<\/div>\n\t\t<\/section>\n\t\t\t\t<section class=\"elementor-section elementor-top-section elementor-element elementor-element-9728f52 elementor-section-full_width elementor-section-height-min-height elementor-hidden-desktop elementor-hidden-tablet elementor-section-height-default elementor-section-items-middle\" data-id=\"9728f52\" data-element_type=\"section\">\n\t\t\t\t\t\t<div class=\"elementor-container elementor-column-gap-default\">\n\t\t\t\t\t<div class=\"elementor-column elementor-col-50 elementor-top-column elementor-element elementor-element-7c66749\" data-id=\"7c66749\" data-element_type=\"column\" data-settings=\"{&quot;background_background&quot;:&quot;classic&quot;}\">\n\t\t\t<div class=\"elementor-widget-wrap elementor-element-populated\">\n\t\t\t\t\t\t<div class=\"elementor-element elementor-element-799cdf2 elementor-widget elementor-widget-image\" data-id=\"799cdf2\" data-element_type=\"widget\" data-widget_type=\"image.default\">\n\t\t\t\t<div class=\"elementor-widget-container\">\n\t\t\t\t\t\t\t\t\t\t\t\t\t\t\t<img loading=\"lazy\" decoding=\"async\" width=\"800\" height=\"800\" src=\"https:\/\/spa4hotels.com\/wp-content\/uploads\/2023\/05\/ss-1024x1024.jpg\" class=\"attachment-large size-large wp-image-332\" alt=\"\" srcset=\"https:\/\/spa4hotels.com\/wp-content\/uploads\/2023\/05\/ss-1024x1024.jpg 1024w, https:\/\/spa4hotels.com\/wp-content\/uploads\/2023\/05\/ss-300x300.jpg 300w, https:\/\/spa4hotels.com\/wp-content\/uploads\/2023\/05\/ss-150x150.jpg 150w, https:\/\/spa4hotels.com\/wp-content\/uploads\/2023\/05\/ss-768x768.jpg 768w, https:\/\/spa4hotels.com\/wp-content\/uploads\/2023\/05\/ss.jpg 1050w\" sizes=\"(max-width: 800px) 100vw, 800px\" \/>\t\t\t\t\t\t\t\t\t\t\t\t\t\t\t<\/div>\n\t\t\t\t<\/div>\n\t\t\t\t\t<\/div>\n\t\t<\/div>\n\t\t\t\t<div class=\"elementor-column elementor-col-50 elementor-top-column elementor-element elementor-element-4e5b289\" data-id=\"4e5b289\" data-element_type=\"column\">\n\t\t\t<div class=\"elementor-widget-wrap elementor-element-populated\">\n\t\t\t\t\t\t<div class=\"elementor-element elementor-element-bd82f31 elementor-widget elementor-widget-image\" data-id=\"bd82f31\" data-element_type=\"widget\" data-widget_type=\"image.default\">\n\t\t\t\t<div class=\"elementor-widget-container\">\n\t\t\t\t\t\t\t\t\t\t\t\t\t\t\t<img decoding=\"async\" width=\"300\" height=\"100\" src=\"https:\/\/spa4hotels.com\/wp-content\/uploads\/2023\/05\/SS_logo.png\" class=\"attachment-large size-large wp-image-323\" alt=\"\" \/>\t\t\t\t\t\t\t\t\t\t\t\t\t\t\t<\/div>\n\t\t\t\t<\/div>\n\t\t\t\t<div class=\"elementor-element elementor-element-4dc19281 elementor-widget elementor-widget-text-editor\" data-id=\"4dc19281\" data-element_type=\"widget\" data-widget_type=\"text-editor.default\">\n\t\t\t\t<div class=\"elementor-widget-container\">\n\t\t\t\t\t\t\t\t\t<p class=\"p1\"><span class=\"s1\">Dirigido a los Hoteles 4*. 4S* y 5*, Serena Spa Collection combina la relajaci\u00f3n, la sofisticaci\u00f3n del lujo y el ocio en un ambiente relajante.<\/span><\/p><p class=\"p1\"><span class=\"s1\">Se ofrece una amplia variedad de tratamientos y servicios (masajes, faciales y corporales, rituales) dise\u00f1ados para satisfacer las necesidades individuales de cada hu\u00e9sped pero tambi\u00e9n ofrece la posibilidad de celebrar eventos y actividades especiales para aquellos que buscan experiencias diferentes y exclusivas.<\/span><\/p>\t\t\t\t\t\t\t\t<\/div>\n\t\t\t\t<\/div>\n\t\t\t\t\t<\/div>\n\t\t<\/div>\n\t\t\t\t\t<\/div>\n\t\t<\/section>\n\t\t\t\t<section class=\"elementor-section elementor-top-section elementor-element elementor-element-60e5aa3d elementor-section-full_width elementor-hidden-mobile elementor-section-height-default elementor-section-height-default\" data-id=\"60e5aa3d\" data-element_type=\"section\">\n\t\t\t\t\t\t<div class=\"elementor-container elementor-column-gap-default\">\n\t\t\t\t\t<div class=\"elementor-column elementor-col-50 elementor-top-column elementor-element elementor-element-3660f6d3\" data-id=\"3660f6d3\" data-element_type=\"column\">\n\t\t\t<div class=\"elementor-widget-wrap elementor-element-populated\">\n\t\t\t\t\t\t<div class=\"elementor-element elementor-element-16f0715 elementor-widget elementor-widget-image\" data-id=\"16f0715\" data-element_type=\"widget\" data-widget_type=\"image.default\">\n\t\t\t\t<div class=\"elementor-widget-container\">\n\t\t\t\t\t\t\t\t\t\t\t\t\t\t\t<img decoding=\"async\" width=\"300\" height=\"100\" src=\"https:\/\/spa4hotels.com\/wp-content\/uploads\/2023\/05\/SS_logo.png\" class=\"attachment-large size-large wp-image-323\" alt=\"\" \/>\t\t\t\t\t\t\t\t\t\t\t\t\t\t\t<\/div>\n\t\t\t\t<\/div>\n\t\t\t\t<div class=\"elementor-element elementor-element-fe45851 elementor-widget elementor-widget-text-editor\" data-id=\"fe45851\" data-element_type=\"widget\" data-widget_type=\"text-editor.default\">\n\t\t\t\t<div class=\"elementor-widget-container\">\n\t\t\t\t\t\t\t\t\t<p class=\"p1\"><span class=\"s1\">Dirigido a los Hoteles 4*. 4S* y 5*, Serena Spa Collection combina la relajaci\u00f3n, la sofisticaci\u00f3n del lujo y el ocio en un ambiente relajante.<\/span><\/p><p class=\"p1\"><span class=\"s1\">Se ofrece una amplia variedad de tratamientos y servicios (masajes, faciales y corporales, rituales) dise\u00f1ados para satisfacer las necesidades individuales de cada hu\u00e9sped pero tambi\u00e9n ofrece la posibilidad de celebrar eventos y actividades especiales para aquellos que buscan experiencias diferentes y exclusivas.<\/span><\/p>\t\t\t\t\t\t\t\t<\/div>\n\t\t\t\t<\/div>\n\t\t\t\t\t<\/div>\n\t\t<\/div>\n\t\t\t\t<div class=\"elementor-column elementor-col-50 elementor-top-column elementor-element elementor-element-62a4282d\" data-id=\"62a4282d\" data-element_type=\"column\">\n\t\t\t<div class=\"elementor-widget-wrap elementor-element-populated\">\n\t\t\t\t\t\t<div class=\"elementor-element elementor-element-372bcfef elementor-widget elementor-widget-image\" data-id=\"372bcfef\" data-element_type=\"widget\" data-widget_type=\"image.default\">\n\t\t\t\t<div class=\"elementor-widget-container\">\n\t\t\t\t\t\t\t\t\t\t\t\t\t\t\t<img loading=\"lazy\" decoding=\"async\" width=\"800\" height=\"800\" src=\"https:\/\/spa4hotels.com\/wp-content\/uploads\/2023\/05\/ss-1024x1024.jpg\" class=\"attachment-large size-large wp-image-332\" alt=\"\" srcset=\"https:\/\/spa4hotels.com\/wp-content\/uploads\/2023\/05\/ss-1024x1024.jpg 1024w, https:\/\/spa4hotels.com\/wp-content\/uploads\/2023\/05\/ss-300x300.jpg 300w, https:\/\/spa4hotels.com\/wp-content\/uploads\/2023\/05\/ss-150x150.jpg 150w, https:\/\/spa4hotels.com\/wp-content\/uploads\/2023\/05\/ss-768x768.jpg 768w, https:\/\/spa4hotels.com\/wp-content\/uploads\/2023\/05\/ss.jpg 1050w\" sizes=\"(max-width: 800px) 100vw, 800px\" \/>\t\t\t\t\t\t\t\t\t\t\t\t\t\t\t<\/div>\n\t\t\t\t<\/div>\n\t\t\t\t\t<\/div>\n\t\t<\/div>\n\t\t\t\t\t<\/div>\n\t\t<\/section>\n\t\t\t\t<section class=\"elementor-section elementor-top-section elementor-element elementor-element-5750ccf4 elementor-section-full_width elementor-section-height-min-height elementor-section-height-default elementor-section-items-middle\" data-id=\"5750ccf4\" data-element_type=\"section\">\n\t\t\t\t\t\t<div class=\"elementor-container elementor-column-gap-default\">\n\t\t\t\t\t<div class=\"elementor-column elementor-col-50 elementor-top-column elementor-element elementor-element-38d9aeb\" data-id=\"38d9aeb\" data-element_type=\"column\" data-settings=\"{&quot;background_background&quot;:&quot;classic&quot;}\">\n\t\t\t<div class=\"elementor-widget-wrap elementor-element-populated\">\n\t\t\t\t\t\t<div class=\"elementor-element elementor-element-6202d6a elementor-widget elementor-widget-image\" data-id=\"6202d6a\" data-element_type=\"widget\" data-widget_type=\"image.default\">\n\t\t\t\t<div class=\"elementor-widget-container\">\n\t\t\t\t\t\t\t\t\t\t\t\t\t\t\t<img loading=\"lazy\" decoding=\"async\" width=\"800\" height=\"800\" src=\"https:\/\/spa4hotels.com\/wp-content\/uploads\/2023\/05\/sst-1024x1024.jpg\" class=\"attachment-large size-large wp-image-331\" alt=\"\" srcset=\"https:\/\/spa4hotels.com\/wp-content\/uploads\/2023\/05\/sst-1024x1024.jpg 1024w, https:\/\/spa4hotels.com\/wp-content\/uploads\/2023\/05\/sst-300x300.jpg 300w, https:\/\/spa4hotels.com\/wp-content\/uploads\/2023\/05\/sst-150x150.jpg 150w, https:\/\/spa4hotels.com\/wp-content\/uploads\/2023\/05\/sst-768x768.jpg 768w, https:\/\/spa4hotels.com\/wp-content\/uploads\/2023\/05\/sst.jpg 1050w\" sizes=\"(max-width: 800px) 100vw, 800px\" \/>\t\t\t\t\t\t\t\t\t\t\t\t\t\t\t<\/div>\n\t\t\t\t<\/div>\n\t\t\t\t\t<\/div>\n\t\t<\/div>\n\t\t\t\t<div class=\"elementor-column elementor-col-50 elementor-top-column elementor-element elementor-element-34b26cab\" data-id=\"34b26cab\" data-element_type=\"column\">\n\t\t\t<div class=\"elementor-widget-wrap elementor-element-populated\">\n\t\t\t\t\t\t<div class=\"elementor-element elementor-element-ee686ff elementor-widget elementor-widget-image\" data-id=\"ee686ff\" data-element_type=\"widget\" data-widget_type=\"image.default\">\n\t\t\t\t<div class=\"elementor-widget-container\">\n\t\t\t\t\t\t\t\t\t\t\t\t\t\t\t<img decoding=\"async\" width=\"300\" height=\"100\" src=\"https:\/\/spa4hotels.com\/wp-content\/uploads\/2023\/05\/SST_logo.png\" class=\"attachment-large size-large wp-image-324\" alt=\"\" \/>\t\t\t\t\t\t\t\t\t\t\t\t\t\t\t<\/div>\n\t\t\t\t<\/div>\n\t\t\t\t<div class=\"elementor-element elementor-element-7fa56149 elementor-widget elementor-widget-text-editor\" data-id=\"7fa56149\" data-element_type=\"widget\" data-widget_type=\"text-editor.default\">\n\t\t\t\t<div class=\"elementor-widget-container\">\n\t\t\t\t\t\t\t\t\t<p class=\"p1\"><span class=\"s1\">Creado para dar servicio wellness a hoteles que no dispongan de las instalaciones necesarias para ello pero no quieran renunciar a mejorar su calidad y reputaci\u00f3n.<\/span><\/p><p class=\"p1\"><span class=\"s1\">Dispone de una espec\u00edfica carta de masajes para brindar una experiencia a\u00f1adida y exclusiva durante su estancia en el hotel.<\/span><\/p>\t\t\t\t\t\t\t\t<\/div>\n\t\t\t\t<\/div>\n\t\t\t\t\t<\/div>\n\t\t<\/div>\n\t\t\t\t\t<\/div>\n\t\t<\/section>\n\t\t\t\t<\/div>\n\t\t","protected":false},"excerpt":{"rendered":"<p>NUESTRAS MARCAS Contamos con tres marcas que ofrecen servicios exclusivos y personalizados para adaptarse a las necesidades espec\u00edficas de cada hotel y sus hu\u00e9spedes. Cada marca se enfoca al bienestar, la experiencia, el ocio, las tendencias y la personalizaci\u00f3n. Creamos y formamos equipos de terapeutas altamente capacitados y apasionados por su trabajo, con el objetivo [&hellip;]<\/p>\n","protected":false},"author":1,"featured_media":0,"parent":0,"menu_order":0,"comment_status":"closed","ping_status":"closed","template":"","meta":{"footnotes":""},"class_list":["post-504","page","type-page","status-publish","hentry"],"_links":{"self":[{"href":"https:\/\/spa4hotels.com\/index.php?rest_route=\/wp\/v2\/pages\/504","targetHints":{"allow":["GET"]}}],"collection":[{"href":"https:\/\/spa4hotels.com\/index.php?rest_route=\/wp\/v2\/pages"}],"about":[{"href":"https:\/\/spa4hotels.com\/index.php?rest_route=\/wp\/v2\/types\/page"}],"author":[{"embeddable":true,"href":"https:\/\/spa4hotels.com\/index.php?rest_route=\/wp\/v2\/users\/1"}],"replies":[{"embeddable":true,"href":"https:\/\/spa4hotels.com\/index.php?rest_route=%2Fwp%2Fv2%2Fcomments&post=504"}],"version-history":[{"count":25,"href":"https:\/\/spa4hotels.com\/index.php?rest_route=\/wp\/v2\/pages\/504\/revisions"}],"predecessor-version":[{"id":744,"href":"https:\/\/spa4hotels.com\/index.php?rest_route=\/wp\/v2\/pages\/504\/revisions\/744"}],"wp:attachment":[{"href":"https:\/\/spa4hotels.com\/index.php?rest_route=%2Fwp%2Fv2%2Fmedia&parent=504"}],"curies":[{"name":"wp","href":"https:\/\/api.w.org\/{rel}","templated":true}]}}